{"id":28,"date":"2014-11-21T18:06:28","date_gmt":"2014-11-21T18:06:28","guid":{"rendered":"http:\/\/146.83.211.77\/2015\/?page_id=28"},"modified":"2018-03-01T19:02:46","modified_gmt":"2018-03-01T19:02:46","slug":"estudiantes-ulagos-en-el-extranjero","status":"publish","type":"page","link":"https:\/\/rrii.ulagos.cl\/2015\/?page_id=28","title":{"rendered":"Estudiantes ULagos en el Extranjero"},"content":{"rendered":"<p style=\"text-align: left;\"><div class=\"su-row\">\n<div class=\"su-column su-column-size-3-4\"><div class=\"su-column-inner su-u-clearfix su-u-trim\">\u00a0<strong>Los estudiantes ULagos podr\u00e1n realizar:<\/strong><\/p>\n<p style=\"text-align: left;\"><strong>1. \u00a0Estudios<\/strong><strong>\u00a0Semestrales<\/strong>\u00a0 (m\u00e1ximo dos semestres) en las carreras de pregrado y\/o programas de postgrado en universidades extranjeras.<\/p>\n<p style=\"text-align: left;\"><strong>2.\u00a0<\/strong>\u00a0<strong>Pr\u00e1cticas<\/strong>\u00a0\u00a0\u00a0<strong>Profesionales\u00a0<\/strong>o\u00a0intermedias por per\u00edodos menores a un semestre o de acuerdo al n\u00famero de horas que incluya la actividad curricular.<\/p>\n<p style=\"text-align: left;\"><strong>3.\u00a0<\/strong>\u00a0<strong>Estad\u00edas Cortas,<br \/>\n3.1<\/strong>\u00a0\u00a0\u00a0<strong>De Investigaci\u00f3n<\/strong>\u00a0en Departamentos Acad\u00e9micos o Centros de investigaci\u00f3n que desarrollen acciones en los \u00e1mbitos de inter\u00e9s.<br \/>\n<strong>3.2<\/strong>\u00a0\u00a0<strong>De Docencia\u00a0<\/strong>para fortalecer los procesos de formaci\u00f3n e inmersi\u00f3n cultural internacional en temas propios del campo disciplinar, asociados a seminarios internacionales, cursos intensivos, cursos transversales, entre otros.<\/p>\n<p style=\"text-align: left;\"><strong>4.<\/strong>\u00a0\u00a0<strong>V<\/strong><strong>oluntariado,\u00a0<\/strong>espacios de interacci\u00f3n en la\u00a0comunidad, pueblos originarios y\/o organizaciones no gubernamentales en el pa\u00eds.<\/p>\n<p style=\"text-align: left;\"><strong>5.\u00a0<\/strong>\u00a0Presentaciones en\u00a0<strong>Seminarios \/<\/strong>\u00a0Congresos\/ Actividades de Extensi\u00f3n Internacional como expositores que promueven la interacci\u00f3n\u00a0<em>in situ<\/em>\u00a0con especialistas de su \u00e1rea disciplinaria \u00a0o realizadas en nuestro pa\u00eds \u00a0de connotaci\u00f3n internacional.<\/p>\n<p style=\"text-align: left;\"><strong>REQUISITOS GENERALES<\/strong><\/p>\n<ol>\n<li style=\"text-align: left;\">Ser alumno regular de cualquier carrera de pregrado, t\u00e9cnica, profesional y\/o programa de postgrado en ULAGOS.<\/li>\n<li style=\"text-align: left;\">Haber cursado y aprobado, al menos, el 50% del plan de Estudios de la carrera o programa.<\/li>\n<li style=\"text-align: left;\">Tener buen rendimiento acad\u00e9mico, es decir, un promedio de calificaciones igual o superior a 5.0 (cinco, cero d\u00e9cimas).<\/li>\n<li style=\"text-align: left;\">Presentar carta de recomendaci\u00f3n de un Acad\u00e9mico del \u00e1rea disciplinaria.<\/li>\n<li style=\"text-align: left;\">Tener conocimiento del idioma oficial del pa\u00eds anfitri\u00f3n y\/o dominio de ingl\u00e9s (de ser necesario).<\/li>\n<li style=\"text-align: left;\">Estar al d\u00eda en los pagos de matr\u00edcula y aranceles de estudios en ULAGOS.<\/li>\n<\/ol>\n<p style=\"text-align: left;\"><em>Independiente de los requisitos de la Universidad de Los Lagos, el postulante deber\u00e1 cumplir con cualquier otra exigencia que plantee la instituci\u00f3n receptora.<\/em><\/p>\n<p style=\"text-align: left;\"><a href=\"http:\/\/www.rrii.ulagos.cl\/FORMULARIOS_POSTULACION_ULAGOS\/Formulario%20ULAGOS%20en%20el%20extranjero.docx\" target=\"_blank\" rel=\"noopener\">Formularios de postulaci\u00f3n &#8211; <strong>Estudiantes ULagos<\/strong><\/a> \u00a0<a href=\"http:\/\/www.rrii.ulagos.cl\/FORMULARIOS_POSTULACION_ULAGOS\/Formulario%20ULAGOS%20en%20el%20extranjero.docx\"><img decoding=\"async\" loading=\"lazy\" class=\"alignnone size-full wp-image-3168\" src=\"http:\/\/146.83.211.77\/2015\/wp-content\/uploads\/2014\/11\/word40.png\" alt=\"word40\" width=\"30\" height=\"30\" \/><\/a><\/p>\n<p style=\"text-align: left;\"><a href=\"http:\/\/www.rrii.ulagos.cl\/FORMULARIOS_POSTULACION_ULAGOS\/Formulario%20Seminarios_Congresos_Actividades_de_Extension_Internacional.docx\" target=\"_blank\" rel=\"noopener\">Formulario de postulaci\u00f3n &#8211; <strong>Seminarios\/Congresos\/Actividades de extensi\u00f3n internacional<\/strong><\/a> \u00a0<a href=\"http:\/\/www.rrii.ulagos.cl\/FORMULARIOS_POSTULACION_ULAGOS\/Formulario%20Seminarios_Congresos_Actividades_de_Extension_Internacional.docx\"><img decoding=\"async\" loading=\"lazy\" class=\"alignnone size-full wp-image-3168\" src=\"http:\/\/146.83.211.77\/2015\/wp-content\/uploads\/2014\/11\/word40.png\" alt=\"word40\" width=\"30\" height=\"30\" \/><\/a><\/p>\n<p style=\"text-align: right;\">Coordinadora Movilidad Estudiantil Internacional &amp; Nacional,<br \/>\nSra. Cecilia Delgado <a href=\"mailto:movilidad.internacional@ulagos.cl\">movilidad.internacional@ulagos.cl<\/a><\/p>\n<p style=\"text-align: left;\"><\/div><\/div>\n<div class=\"su-column su-column-size-1-4\"><div class=\"su-column-inner su-u-clearfix su-u-trim\">\n<p style=\"text-align: left;\"><img decoding=\"async\" loading=\"lazy\" class=\"alignnone size-full wp-image-3189\" src=\"http:\/\/146.83.211.77\/2015\/wp-content\/uploads\/2014\/11\/600_img.jpg\" alt=\"600_img\" width=\"200\" height=\"800\" srcset=\"https:\/\/rrii.ulagos.cl\/2015\/wp-content\/uploads\/2014\/11\/600_img.jpg 200w, https:\/\/rrii.ulagos.cl\/2015\/wp-content\/uploads\/2014\/11\/600_img-75x300.jpg 75w\" sizes=\"(max-width: 200px) 100vw, 200px\" \/><\/p>\n<p style=\"text-align: left;\"><\/div><\/div>\n<\/div>\n","protected":false},"excerpt":{"rendered":"","protected":false},"author":1,"featured_media":0,"parent":0,"menu_order":0,"comment_status":"closed","ping_status":"closed","template":"","meta":[],"_links":{"self":[{"href":"https:\/\/rrii.ulagos.cl\/2015\/index.php?rest_route=\/wp\/v2\/pages\/28"}],"collection":[{"href":"https:\/\/rrii.ulagos.cl\/2015\/index.php?rest_route=\/wp\/v2\/pages"}],"about":[{"href":"https:\/\/rrii.ulagos.cl\/2015\/index.php?rest_route=\/wp\/v2\/types\/page"}],"author":[{"embeddable":true,"href":"https:\/\/rrii.ulagos.cl\/2015\/index.php?rest_route=\/wp\/v2\/users\/1"}],"replies":[{"embeddable":true,"href":"https:\/\/rrii.ulagos.cl\/2015\/index.php?rest_route=%2Fwp%2Fv2%2Fcomments&post=28"}],"version-history":[{"count":85,"href":"https:\/\/rrii.ulagos.cl\/2015\/index.php?rest_route=\/wp\/v2\/pages\/28\/revisions"}],"predecessor-version":[{"id":3598,"href":"https:\/\/rrii.ulagos.cl\/2015\/index.php?rest_route=\/wp\/v2\/pages\/28\/revisions\/3598"}],"wp:attachment":[{"href":"https:\/\/rrii.ulagos.cl\/2015\/index.php?rest_route=%2Fwp%2Fv2%2Fmedia&parent=28"}],"curies":[{"name":"wp","href":"https:\/\/api.w.org\/{rel}","templated":true}]}}